{"id":47,"date":"2021-10-14T16:22:05","date_gmt":"2021-10-14T14:22:05","guid":{"rendered":"http:\/\/escolaw.cluster031.hosting.ovh.net\/?page_id=47"},"modified":"2022-09-23T11:54:43","modified_gmt":"2022-09-23T09:54:43","slug":"marie-jaell","status":"publish","type":"page","link":"https:\/\/escolamariejaell.art\/index.php\/marie-jaell\/","title":{"rendered":"Marie Ja\u00ebll"},"content":{"rendered":"\n<div class=\"wp-block-media-text alignwide has-media-on-the-right is-stacked-on-mobile is-vertically-aligned-top\" style=\"grid-template-columns:auto 24%\"><figure class=\"wp-block-media-text__media\"><img loading=\"lazy\" decoding=\"async\" width=\"400\" height=\"597\" src=\"https:\/\/escolamariejaell.art\/wp-content\/uploads\/Jaell-b-3.jpg\" alt=\"\" class=\"wp-image-99 size-full\" srcset=\"https:\/\/escolamariejaell.art\/wp-content\/uploads\/Jaell-b-3.jpg 400w, https:\/\/escolamariejaell.art\/wp-content\/uploads\/Jaell-b-3-201x300.jpg 201w\" sizes=\"auto, (max-width: 400px) 100vw, 400px\" \/><\/figure><div class=\"wp-block-media-text__content\">\n<p class=\"has-normal-font-size\">La m\u00fasica, en la manera com es produeix i reprodueix, t\u00e9 un poder\u00f3s efecte en l&rsquo;oient i en la seva sensibilitat. L&rsquo;int\u00e8rpret no nom\u00e9s ha de pensar en una obra amb qu\u00e8 ha de transmetre, sin\u00f3 ser tamb\u00e9 un artes\u00e0 en la producci\u00f3 del so per mitjans que han estat ocultats en l&rsquo;obscuritat durant molt temps. En lloc de separar l&rsquo;artista de l&rsquo;artes\u00e0, Marie Ja\u00ebll consider\u00e0 que una veritable i profunda obra de teatre no pot ser el resultat d&rsquo;un \u00ab\u00a0do\u00a0\u00bb gaireb\u00e9 sobrenatural, sin\u00f3 una aproximaci\u00f3 al contacte del teclat que podria ser adoptada per qualsevol m\u00fasic. A trav\u00e9s d&rsquo;una an\u00e0lisi pacient i profunda de la pr\u00e0ctica musical i els moviments corporals \u2013 psicofisiologia \u2013 la seva investigaci\u00f3 la va dur a apropar-se al piano sense massa entrenament mec\u00e0nic i enfocar l&rsquo;\u00fas d&rsquo;aquest en la seva percepci\u00f3 sensible del moviment i el tacte. Un dels principis a adquirir \u00e9s enfocar els esfor\u00e7os f\u00edsics en l&rsquo;\u00fanica dimensi\u00f3 que produir\u00e0 un so o to desitjat, a una plena consci\u00e8ncia del cos i dels sentits. Marie Ja\u00ebll no va voler oposar-se ni separar l&rsquo;art de la ci\u00e8ncia, sin\u00f3 que la sensibilitat del seu art es va prolongar en una an\u00e0lisi conscient del moviment des de l&rsquo;int\u00e8rpret fins al so i el timbre. El repte d&rsquo;aquest enfocament \u00e9s gran: es tracta ni m\u00e9s ni menys de comprendre les relacions entre pensament, cos i instrument i, despr\u00e9s, saber explotar aquest coneixement amb intel\u00b7lig\u00e8ncia i sensibilitat. Aquest punt de vista enriqueix el m\u00fasic, ja que la interpretaci\u00f3 musical segueix aquest cam\u00ed des de la intenci\u00f3 musical d&rsquo;una expressi\u00f3 sensible que produir\u00e0 sons i, en darrera inst\u00e0ncia, conduir\u00e0 a una m\u00fasica que ha de transmetre la sensibilitat intencional inicial.<\/p>\n<\/div><\/div>\n\n\n\n<figure class=\"wp-block-image size-large is-resized\"><img loading=\"lazy\" decoding=\"async\" src=\"https:\/\/escolamariejaell.art\/wp-content\/uploads\/partition-marie-2-lignes-1024x372.jpg\" alt=\"\" class=\"wp-image-179\" width=\"598\" height=\"217\" srcset=\"https:\/\/escolamariejaell.art\/wp-content\/uploads\/partition-marie-2-lignes-1024x372.jpg 1024w, https:\/\/escolamariejaell.art\/wp-content\/uploads\/partition-marie-2-lignes-300x109.jpg 300w, https:\/\/escolamariejaell.art\/wp-content\/uploads\/partition-marie-2-lignes-768x279.jpg 768w, https:\/\/escolamariejaell.art\/wp-content\/uploads\/partition-marie-2-lignes-1120x406.jpg 1120w, https:\/\/escolamariejaell.art\/wp-content\/uploads\/partition-marie-2-lignes.jpg 1295w\" sizes=\"auto, (max-width: 598px) 100vw, 598px\" \/><\/figure>\n\n\n\n<p class=\"has-text-align-right\"> <em>per a m\u00e9s informaci\u00f3<\/em>  (en franc\u00e9s) : <a href=\"http:\/\/mariejaell.org\" data-type=\"URL\" data-id=\"mariejaell.org\" target=\"_blank\" rel=\"noreferrer noopener\">mariejaell.org<\/a> <\/p>\n","protected":false},"excerpt":{"rendered":"<p>La m\u00fasica, en la manera com es produeix i reprodueix, t\u00e9 un poder\u00f3s efecte en l&rsquo;oient i en la seva sensibilitat. L&rsquo;int\u00e8rpret no nom\u00e9s ha de pensar en una obra [&hellip;]<\/p>\n","protected":false},"author":1,"featured_media":0,"parent":0,"menu_order":0,"comment_status":"closed","ping_status":"closed","template":"","meta":{"_exactmetrics_skip_tracking":false,"_exactmetrics_sitenote_active":false,"_exactmetrics_sitenote_note":"","_exactmetrics_sitenote_category":0,"footnotes":""},"class_list":["post-47","page","type-page","status-publish","hentry"],"aioseo_notices":[],"_links":{"self":[{"href":"https:\/\/escolamariejaell.art\/index.php\/wp-json\/wp\/v2\/pages\/47","targetHints":{"allow":["GET"]}}],"collection":[{"href":"https:\/\/escolamariejaell.art\/index.php\/wp-json\/wp\/v2\/pages"}],"about":[{"href":"https:\/\/escolamariejaell.art\/index.php\/wp-json\/wp\/v2\/types\/page"}],"author":[{"embeddable":true,"href":"https:\/\/escolamariejaell.art\/index.php\/wp-json\/wp\/v2\/users\/1"}],"replies":[{"embeddable":true,"href":"https:\/\/escolamariejaell.art\/index.php\/wp-json\/wp\/v2\/comments?post=47"}],"version-history":[{"count":17,"href":"https:\/\/escolamariejaell.art\/index.php\/wp-json\/wp\/v2\/pages\/47\/revisions"}],"predecessor-version":[{"id":332,"href":"https:\/\/escolamariejaell.art\/index.php\/wp-json\/wp\/v2\/pages\/47\/revisions\/332"}],"wp:attachment":[{"href":"https:\/\/escolamariejaell.art\/index.php\/wp-json\/wp\/v2\/media?parent=47"}],"curies":[{"name":"wp","href":"https:\/\/api.w.org\/{rel}","templated":true}]}}